{"id":20,"date":"2018-01-12T11:11:58","date_gmt":"2018-01-12T10:11:58","guid":{"rendered":"http:\/\/domainedesteyssieres.fr\/?page_id=20"},"modified":"2025-11-07T10:06:48","modified_gmt":"2025-11-07T09:06:48","slug":"huile-olive-bio-aoc-provence","status":"publish","type":"page","link":"https:\/\/domainedesteyssieres.fr\/index.php\/huile-olive-bio-aoc-provence\/","title":{"rendered":"Notre Huile d&rsquo;olive Biologique"},"content":{"rendered":"\t\t<div data-elementor-type=\"wp-page\" data-elementor-id=\"20\" class=\"elementor elementor-20\">\n\t\t\t\t\t\t<div class=\"elementor-inner\">\n\t\t\t\t<div class=\"elementor-section-wrap\">\n\t\t\t\t\t\t\t\t\t<section class=\"elementor-section elementor-top-section elementor-element elementor-element-e4f92fe elementor-section-boxed elementor-section-height-default elementor-section-height-default\" data-id=\"e4f92fe\" data-element_type=\"section\">\n\t\t\t\t\t\t<div class=\"elementor-container elementor-column-gap-default\">\n\t\t\t\t\t\t\t<div class=\"elementor-row\">\n\t\t\t\t\t<div class=\"elementor-column elementor-col-100 elementor-top-column elementor-element elementor-element-f8c6a30\" data-id=\"f8c6a30\" data-element_type=\"column\">\n\t\t\t<div class=\"elementor-column-wrap elementor-element-populated\">\n\t\t\t\t\t\t\t<div class=\"elementor-widget-wrap\">\n\t\t\t\t\t\t<div class=\"elementor-element elementor-element-65afea1 elementor-widget elementor-widget-text-editor\" data-id=\"65afea1\" data-element_type=\"widget\" data-widget_type=\"text-editor.default\">\n\t\t\t\t<div class=\"elementor-widget-container\">\n\t\t\t\t\t\t\t\t<div class=\"elementor-text-editor elementor-clearfix\">\n\t\t\t\t<h5>Breve histoire de l\u2019agriculture biologique<\/h5><p>L\u2019histoire de l\u2019agriculture biologique commence en Europe (Allemagne, Autriche, Suisse et Grande Bretagne) au d\u00e9but du si\u00e8cle dernier autour d\u2019une r\u00e9flexion globale sur les \u00e9quilibres naturels dans le cadre d\u2019une production agricole.<\/p><p>Elle apparait en France dans les ann\u00e9es 50 parall\u00e8lement au d\u00e9veloppement de l\u2019agriculture chimique et intensive apr\u00e8s la seconde guerre mondiale.<\/p><p>Elle commence \u00e0 se structurer dans les ann\u00e9es 60, comme par exemple avec la cr\u00e9ation de l\u2019association Nature et Progr\u00e8s, quand apparaissent\u00a0 les premi\u00e8res alertes sur les cons\u00e9quences sur la sant\u00e9 et l\u2019environnement de l\u2019usage intensif de la chimie en agriculture.<\/p>\t\t\t\t\t<\/div>\n\t\t\t\t\t\t<\/div>\n\t\t\t\t<\/div>\n\t\t\t\t\t\t<\/div>\n\t\t\t\t\t<\/div>\n\t\t<\/div>\n\t\t\t\t\t\t\t\t<\/div>\n\t\t\t\t\t<\/div>\n\t\t<\/section>\n\t\t\t\t<section class=\"elementor-section elementor-top-section elementor-element elementor-element-c976e6c elementor-section-boxed elementor-section-height-default elementor-section-height-default\" data-id=\"c976e6c\" data-element_type=\"section\">\n\t\t\t\t\t\t<div class=\"elementor-container elementor-column-gap-default\">\n\t\t\t\t\t\t\t<div class=\"elementor-row\">\n\t\t\t\t\t<div class=\"elementor-column elementor-col-50 elementor-top-column elementor-element elementor-element-a8f99e2\" data-id=\"a8f99e2\" data-element_type=\"column\">\n\t\t\t<div class=\"elementor-column-wrap elementor-element-populated\">\n\t\t\t\t\t\t\t<div class=\"elementor-widget-wrap\">\n\t\t\t\t\t\t<div class=\"elementor-element elementor-element-2bac649 elementor-widget elementor-widget-image\" data-id=\"2bac649\" data-element_type=\"widget\" data-widget_type=\"image.default\">\n\t\t\t\t<div class=\"elementor-widget-container\">\n\t\t\t\t\t\t\t\t<div class=\"elementor-image\">\n\t\t\t\t\t\t\t\t\t<figure class=\"wp-caption\">\n\t\t\t\t\t\t\t\t\t\t\t<a href=\"http:\/\/domainedesteyssieres.fr\/wp-content\/uploads\/2018\/09\/Raoul-Lemaire.jpg\" data-elementor-open-lightbox=\"yes\" data-elementor-lightbox-title=\"Raoul Lemaire\" e-action-hash=\"#elementor-action%3Aaction%3Dlightbox%26settings%3DeyJpZCI6MTI2OCwidXJsIjoiaHR0cHM6XC9cL2RvbWFpbmVkZXN0ZXlzc2llcmVzLmZyXC93cC1jb250ZW50XC91cGxvYWRzXC8yMDE4XC8wOVwvUmFvdWwtTGVtYWlyZS5qcGcifQ%3D%3D\">\n\t\t\t\t\t\t\t<img loading=\"lazy\" decoding=\"async\" width=\"300\" height=\"223\" src=\"https:\/\/domainedesteyssieres.fr\/wp-content\/uploads\/2018\/09\/Raoul-Lemaire-300x223.jpg\" class=\"attachment-medium size-medium\" alt=\"\" srcset=\"https:\/\/domainedesteyssieres.fr\/wp-content\/uploads\/2018\/09\/Raoul-Lemaire-300x223.jpg 300w, https:\/\/domainedesteyssieres.fr\/wp-content\/uploads\/2018\/09\/Raoul-Lemaire.jpg 500w\" sizes=\"(max-width: 300px) 100vw, 300px\" \/>\t\t\t\t\t\t\t\t<\/a>\n\t\t\t\t\t\t\t\t\t\t\t<figcaption class=\"widget-image-caption wp-caption-text\">Raoul Lemaire<\/figcaption>\n\t\t\t\t\t\t\t\t\t\t<\/figure>\n\t\t\t\t\t\t\t\t<\/div>\n\t\t\t\t\t\t<\/div>\n\t\t\t\t<\/div>\n\t\t\t\t\t\t<\/div>\n\t\t\t\t\t<\/div>\n\t\t<\/div>\n\t\t\t\t<div class=\"elementor-column elementor-col-50 elementor-top-column elementor-element elementor-element-5b74bd7\" data-id=\"5b74bd7\" data-element_type=\"column\">\n\t\t\t<div class=\"elementor-column-wrap elementor-element-populated\">\n\t\t\t\t\t\t\t<div class=\"elementor-widget-wrap\">\n\t\t\t\t\t\t<div class=\"elementor-element elementor-element-b26eaeb elementor-widget elementor-widget-image\" data-id=\"b26eaeb\" data-element_type=\"widget\" data-widget_type=\"image.default\">\n\t\t\t\t<div class=\"elementor-widget-container\">\n\t\t\t\t\t\t\t\t<div class=\"elementor-image\">\n\t\t\t\t\t\t\t\t\t<figure class=\"wp-caption\">\n\t\t\t\t\t\t\t\t\t\t\t<a href=\"http:\/\/domainedesteyssieres.fr\/wp-content\/uploads\/2018\/09\/Conference-vers-1970.jpg\" data-elementor-open-lightbox=\"yes\" data-elementor-lightbox-title=\"Conference vers 1970\" e-action-hash=\"#elementor-action%3Aaction%3Dlightbox%26settings%3DeyJpZCI6MTI2NywidXJsIjoiaHR0cHM6XC9cL2RvbWFpbmVkZXN0ZXlzc2llcmVzLmZyXC93cC1jb250ZW50XC91cGxvYWRzXC8yMDE4XC8wOVwvQ29uZmVyZW5jZS12ZXJzLTE5NzAuanBnIn0%3D\">\n\t\t\t\t\t\t\t<img loading=\"lazy\" decoding=\"async\" width=\"300\" height=\"209\" src=\"https:\/\/domainedesteyssieres.fr\/wp-content\/uploads\/2018\/09\/Conference-vers-1970-300x209.jpg\" class=\"attachment-medium size-medium\" alt=\"\" srcset=\"https:\/\/domainedesteyssieres.fr\/wp-content\/uploads\/2018\/09\/Conference-vers-1970-300x209.jpg 300w, https:\/\/domainedesteyssieres.fr\/wp-content\/uploads\/2018\/09\/Conference-vers-1970.jpg 500w\" sizes=\"(max-width: 300px) 100vw, 300px\" \/>\t\t\t\t\t\t\t\t<\/a>\n\t\t\t\t\t\t\t\t\t\t\t<figcaption class=\"widget-image-caption wp-caption-text\">Pr\u00e9curseur de la bio en France<\/figcaption>\n\t\t\t\t\t\t\t\t\t\t<\/figure>\n\t\t\t\t\t\t\t\t<\/div>\n\t\t\t\t\t\t<\/div>\n\t\t\t\t<\/div>\n\t\t\t\t\t\t<\/div>\n\t\t\t\t\t<\/div>\n\t\t<\/div>\n\t\t\t\t\t\t\t\t<\/div>\n\t\t\t\t\t<\/div>\n\t\t<\/section>\n\t\t\t\t<section class=\"elementor-section elementor-top-section elementor-element elementor-element-e09d490 elementor-section-boxed elementor-section-height-default elementor-section-height-default\" data-id=\"e09d490\" data-element_type=\"section\">\n\t\t\t\t\t\t<div class=\"elementor-container elementor-column-gap-default\">\n\t\t\t\t\t\t\t<div class=\"elementor-row\">\n\t\t\t\t\t<div class=\"elementor-column elementor-col-100 elementor-top-column elementor-element elementor-element-033f93d\" data-id=\"033f93d\" data-element_type=\"column\">\n\t\t\t<div class=\"elementor-column-wrap elementor-element-populated\">\n\t\t\t\t\t\t\t<div class=\"elementor-widget-wrap\">\n\t\t\t\t\t\t<div class=\"elementor-element elementor-element-f18376e elementor-widget elementor-widget-text-editor\" data-id=\"f18376e\" data-element_type=\"widget\" data-widget_type=\"text-editor.default\">\n\t\t\t\t<div class=\"elementor-widget-container\">\n\t\t\t\t\t\t\t\t<div class=\"elementor-text-editor elementor-clearfix\">\n\t\t\t\t<p>C\u2019est dans les ann\u00e9es 70 avec notamment les deux crises p\u00e9troli\u00e8res que l\u2019agriculture biologique\u00a0 commence \u00e0 devenir une alternative cr\u00e9dible face aux modes de productions intensifs et polluants.<\/p><p>En 1972 le premier cahier des charges bio fran\u00e7ais est cr\u00e9\u00e9 par Nature et Progr\u00e8s, mais d\u2019autres suivront\u00a0\u00a0 <img loading=\"lazy\" decoding=\"async\" class=\"alignnone wp-image-1243\" src=\"http:\/\/domainedesteyssieres.fr\/wp-content\/uploads\/2018\/09\/nature-et-progr\u00e9s-150x150.jpg\" alt=\"\" width=\"121\" height=\"121\" srcset=\"https:\/\/domainedesteyssieres.fr\/wp-content\/uploads\/2018\/09\/nature-et-progr\u00e9s-150x150.jpg 150w, https:\/\/domainedesteyssieres.fr\/wp-content\/uploads\/2018\/09\/nature-et-progr\u00e9s-300x297.jpg 300w\" sizes=\"(max-width: 121px) 100vw, 121px\" \/><\/p><p>\u00a0Le mouvement bio fran\u00e7ais n\u2019est toujours pas vraiment structur\u00e9 et reste marginal.<\/p><p>Il va r\u00e9ellement commencer \u00e0 se f\u00e9d\u00e9rer avec la cr\u00e9ation de la FNAB (F\u00e9d\u00e9ration nationale d\u2019agriculture biologique) en 1978.<\/p><p>Puis, l\u2019histoire s\u2019acc\u00e9l\u00e8re\u00a0:<\/p><p>1980\u00a0: Reconnaissance officielle de l\u2019agriculture biologique par le minist\u00e8re de l\u2019agriculture<\/p><p>1985\u00a0: Cr\u00e9ation du cahier des charges fran\u00e7ais et du logo AB \u00a0\u00a0 <img loading=\"lazy\" decoding=\"async\" class=\"alignnone wp-image-1112\" src=\"http:\/\/domainedesteyssieres.fr\/wp-content\/uploads\/2018\/09\/logo_ab-250x300.jpg\" alt=\"\" width=\"113\" height=\"136\" srcset=\"https:\/\/domainedesteyssieres.fr\/wp-content\/uploads\/2018\/09\/logo_ab-250x300.jpg 250w, https:\/\/domainedesteyssieres.fr\/wp-content\/uploads\/2018\/09\/logo_ab.jpg 499w\" sizes=\"(max-width: 113px) 100vw, 113px\" \/><\/p><p>1991\u00a0: 1ere r\u00e8glementation europ\u00e9enne<\/p><p>2009\u00a0: Nouveau r\u00e8glement\u00a0 cr\u00e9ation du logo europ\u00e9en\u00a0\u00a0 <img loading=\"lazy\" decoding=\"async\" class=\"alignnone wp-image-1248\" src=\"http:\/\/domainedesteyssieres.fr\/wp-content\/uploads\/2018\/09\/logoeuropeenpantoneab-300x200.jpg\" alt=\"\" width=\"152\" height=\"101\" srcset=\"https:\/\/domainedesteyssieres.fr\/wp-content\/uploads\/2018\/09\/logoeuropeenpantoneab-300x200.jpg 300w, https:\/\/domainedesteyssieres.fr\/wp-content\/uploads\/2018\/09\/logoeuropeenpantoneab.jpg 638w\" sizes=\"(max-width: 152px) 100vw, 152px\" \/><\/p><p>Aujourd\u2019hui, le respect du cahier des charges est contr\u00f4l\u00e9 par des organismes priv\u00e9s, agr\u00e9es et contr\u00f4l\u00e9s par l\u2019\u00e9tat.<\/p><p>Tous les acteurs sont contr\u00f4l\u00e9s\u00a0au moins une fois par an\u00a0: producteurs, transformateurs, importateurs, distributeurs.<\/p><h5>Les principes de l&rsquo;agriculture biologique<\/h5><p>Le mode de production en agriculture biologique s\u2019articule autour de \u00a0grands fondamentaux :<\/p><p>&#8211; Nourrir le sol qui lui nourrira la plante\u00a0:<\/p><p>La priorit\u00e9 est donn\u00e9e au bon fonctionnement du sol par le maintien ou l\u2019am\u00e9lioration de son activit\u00e9 biologique, gr\u00e2ce \u00e0 des apports de mati\u00e8re organique, la culture d\u2019engrais vert (\u00e0 base de l\u00e9gumineuses par exemple) et bien s\u00fbr l\u2019interdiction totale de tout engrais d\u2019origine chimique.<\/p><p>&#8211; D\u00e9velopper les pratiques pr\u00e9ventives plut\u00f4t que curatives\u00a0:<\/p><p>On choisira les vari\u00e9t\u00e9s ou les esp\u00e8ces les plus naturellement r\u00e9sistantes aux maladies.<\/p><p>On maintiendra la biodiversit\u00e9 maximale pour limiter le d\u00e9veloppement des insectes ind\u00e9sirables gr\u00e2ce \u00e0 la pr\u00e9sence d\u2019auxiliaires.<\/p><p>Toute les pratiques visant \u00e0 \u00e9viter l\u2019apparition des maladies ou l\u2019attaque des ravageurs est \u00e0 privil\u00e9gier.<\/p><p>&#8211; Respecter son environnement naturel, humain et social, par exemple en pr\u00e9servant des entreprises \u00e0 taille humaine, en rapprochant le consommateur du producteur et en permettant le maintien des paysans sur leurs terres.<\/p><p>Pour en savoir plus : <a href=\"http:\/\/domainedesteyssieres.fr\/wp-content\/uploads\/2018\/09\/Les-principes-de-lagriculture-biologique.pdf\">Les principes de l&rsquo;agriculture biologique<\/a><\/p>\t\t\t\t\t<\/div>\n\t\t\t\t\t\t<\/div>\n\t\t\t\t<\/div>\n\t\t\t\t\t\t<\/div>\n\t\t\t\t\t<\/div>\n\t\t<\/div>\n\t\t\t\t\t\t\t\t<\/div>\n\t\t\t\t\t<\/div>\n\t\t<\/section>\n\t\t\t\t<section class=\"elementor-section elementor-top-section elementor-element elementor-element-8f787a4 elementor-section-boxed elementor-section-height-default elementor-section-height-default\" data-id=\"8f787a4\" data-element_type=\"section\">\n\t\t\t\t\t\t<div class=\"elementor-container elementor-column-gap-default\">\n\t\t\t\t\t\t\t<div class=\"elementor-row\">\n\t\t\t\t\t<div class=\"elementor-column elementor-col-100 elementor-top-column elementor-element elementor-element-59ed51e\" data-id=\"59ed51e\" data-element_type=\"column\">\n\t\t\t<div class=\"elementor-column-wrap elementor-element-populated\">\n\t\t\t\t\t\t\t<div class=\"elementor-widget-wrap\">\n\t\t\t\t\t\t<div class=\"elementor-element elementor-element-a39919e elementor-widget elementor-widget-text-editor\" data-id=\"a39919e\" data-element_type=\"widget\" data-widget_type=\"text-editor.default\">\n\t\t\t\t<div class=\"elementor-widget-container\">\n\t\t\t\t\t\t\t\t<div class=\"elementor-text-editor elementor-clearfix\">\n\t\t\t\t<h4>Le Domaine oleicole des Teyssieres vous propose exclusivement une huile olive biologique certifi\u00e9e depuis 2009<\/h4>\t\t\t\t\t<\/div>\n\t\t\t\t\t\t<\/div>\n\t\t\t\t<\/div>\n\t\t\t\t\t\t<\/div>\n\t\t\t\t\t<\/div>\n\t\t<\/div>\n\t\t\t\t\t\t\t\t<\/div>\n\t\t\t\t\t<\/div>\n\t\t<\/section>\n\t\t\t\t<section class=\"elementor-section elementor-top-section elementor-element elementor-element-9ae58a2 elementor-section-boxed elementor-section-height-default elementor-section-height-default\" data-id=\"9ae58a2\" data-element_type=\"section\">\n\t\t\t\t\t\t<div class=\"elementor-container elementor-column-gap-default\">\n\t\t\t\t\t\t\t<div class=\"elementor-row\">\n\t\t\t\t\t<div class=\"elementor-column elementor-col-100 elementor-top-column elementor-element elementor-element-c434238\" data-id=\"c434238\" data-element_type=\"column\">\n\t\t\t<div class=\"elementor-column-wrap elementor-element-populated\">\n\t\t\t\t\t\t\t<div class=\"elementor-widget-wrap\">\n\t\t\t\t\t\t<div class=\"elementor-element elementor-element-1d16246 elementor-widget elementor-widget-text-editor\" data-id=\"1d16246\" data-element_type=\"widget\" data-widget_type=\"text-editor.default\">\n\t\t\t\t<div class=\"elementor-widget-container\">\n\t\t\t\t\t\t\t\t<div class=\"elementor-text-editor elementor-clearfix\">\n\t\t\t\t<h4>Au domaine des Teyssieres , le respect du cahier des charges de l&rsquo;agriculture biologique est contr\u00f4l\u00e9 et certifi\u00e9 par Certipaq-Bio<\/h4>\t\t\t\t\t<\/div>\n\t\t\t\t\t\t<\/div>\n\t\t\t\t<\/div>\n\t\t\t\t\t\t<\/div>\n\t\t\t\t\t<\/div>\n\t\t<\/div>\n\t\t\t\t\t\t\t\t<\/div>\n\t\t\t\t\t<\/div>\n\t\t<\/section>\n\t\t\t\t<section class=\"elementor-section elementor-top-section elementor-element elementor-element-aae3ae4 elementor-section-boxed elementor-section-height-default elementor-section-height-default\" data-id=\"aae3ae4\" data-element_type=\"section\">\n\t\t\t\t\t\t<div class=\"elementor-container elementor-column-gap-default\">\n\t\t\t\t\t\t\t<div class=\"elementor-row\">\n\t\t\t\t\t<div class=\"elementor-column elementor-col-100 elementor-top-column elementor-element elementor-element-7cf29e6\" data-id=\"7cf29e6\" data-element_type=\"column\">\n\t\t\t<div class=\"elementor-column-wrap elementor-element-populated\">\n\t\t\t\t\t\t\t<div class=\"elementor-widget-wrap\">\n\t\t\t\t\t\t<div class=\"elementor-element elementor-element-6416e09 elementor-widget elementor-widget-text-editor\" data-id=\"6416e09\" data-element_type=\"widget\" data-widget_type=\"text-editor.default\">\n\t\t\t\t<div class=\"elementor-widget-container\">\n\t\t\t\t\t\t\t\t<div class=\"elementor-text-editor elementor-clearfix\">\n\t\t\t\t<h4>Vous pourrez trouver nos certificats sur le site de <a href=\"https:\/\/annuaire.agencebio.org\/recherche?userPage=1&amp;activites=&amp;produits=&amp;rand=971&amp;sortBy=pertinence&amp;inseecode=&amp;commune=&amp;q=Nom:THEUERLACHER+BRUNO+ANDRE+LEO\">Annuaire de l&rsquo;agence Bio\u00a0<\/a><\/h4>\t\t\t\t\t<\/div>\n\t\t\t\t\t\t<\/div>\n\t\t\t\t<\/div>\n\t\t\t\t\t\t<\/div>\n\t\t\t\t\t<\/div>\n\t\t<\/div>\n\t\t\t\t\t\t\t\t<\/div>\n\t\t\t\t\t<\/div>\n\t\t<\/section>\n\t\t\t\t<section class=\"elementor-section elementor-top-section elementor-element elementor-element-45e690d elementor-section-boxed elementor-section-height-default elementor-section-height-default\" data-id=\"45e690d\" data-element_type=\"section\">\n\t\t\t\t\t\t<div class=\"elementor-container elementor-column-gap-default\">\n\t\t\t\t\t\t\t<div class=\"elementor-row\">\n\t\t\t\t\t<div class=\"elementor-column elementor-col-100 elementor-top-column elementor-element elementor-element-f25c159\" data-id=\"f25c159\" data-element_type=\"column\">\n\t\t\t<div class=\"elementor-column-wrap elementor-element-populated\">\n\t\t\t\t\t\t\t<div class=\"elementor-widget-wrap\">\n\t\t\t\t\t\t<div class=\"elementor-element elementor-element-99ed299 elementor-align-center elementor-widget elementor-widget-button\" data-id=\"99ed299\" data-element_type=\"widget\" data-widget_type=\"button.default\">\n\t\t\t\t<div class=\"elementor-widget-container\">\n\t\t\t\t\t<div class=\"elementor-button-wrapper\">\n\t\t\t<a href=\"http:\/\/domainedesteyssieres.fr\/index.php\/le-domaine\/\" class=\"elementor-button-link elementor-button elementor-size-xl\" role=\"button\">\n\t\t\t\t\t\t<span class=\"elementor-button-content-wrapper\">\n\t\t\t\t\t\t<span class=\"elementor-button-text\">Le domaine<\/span>\n\t\t<\/span>\n\t\t\t\t\t<\/a>\n\t\t<\/div>\n\t\t\t\t<\/div>\n\t\t\t\t<\/div>\n\t\t\t\t\t\t<\/div>\n\t\t\t\t\t<\/div>\n\t\t<\/div>\n\t\t\t\t\t\t\t\t<\/div>\n\t\t\t\t\t<\/div>\n\t\t<\/section>\n\t\t\t\t\t\t\t\t\t<\/div>\n\t\t\t<\/div>\n\t\t\t\t\t<\/div>\n\t\t","protected":false},"excerpt":{"rendered":"<p>Breve histoire de l\u2019agriculture biologique L\u2019histoire de l\u2019agriculture biologique commence en Europe (Allemagne, Autriche, Suisse et Grande Bretagne) au d\u00e9but du si\u00e8cle dernier autour d\u2019une r\u00e9flexion globale sur les \u00e9quilibres naturels dans le cadre d\u2019une production agricole. Elle apparait en France dans les ann\u00e9es 50 parall\u00e8lement au d\u00e9veloppement de l\u2019agriculture chimique et intensive apr\u00e8s la [&hellip;]<\/p>\n","protected":false},"author":1,"featured_media":0,"parent":0,"menu_order":0,"comment_status":"closed","ping_status":"closed","template":"","meta":{"footnotes":""},"_links":{"self":[{"href":"https:\/\/domainedesteyssieres.fr\/index.php\/wp-json\/wp\/v2\/pages\/20"}],"collection":[{"href":"https:\/\/domainedesteyssieres.fr\/index.php\/wp-json\/wp\/v2\/pages"}],"about":[{"href":"https:\/\/domainedesteyssieres.fr\/index.php\/wp-json\/wp\/v2\/types\/page"}],"author":[{"embeddable":true,"href":"https:\/\/domainedesteyssieres.fr\/index.php\/wp-json\/wp\/v2\/users\/1"}],"replies":[{"embeddable":true,"href":"https:\/\/domainedesteyssieres.fr\/index.php\/wp-json\/wp\/v2\/comments?post=20"}],"version-history":[{"count":74,"href":"https:\/\/domainedesteyssieres.fr\/index.php\/wp-json\/wp\/v2\/pages\/20\/revisions"}],"predecessor-version":[{"id":2223,"href":"https:\/\/domainedesteyssieres.fr\/index.php\/wp-json\/wp\/v2\/pages\/20\/revisions\/2223"}],"wp:attachment":[{"href":"https:\/\/domainedesteyssieres.fr\/index.php\/wp-json\/wp\/v2\/media?parent=20"}],"curies":[{"name":"wp","href":"https:\/\/api.w.org\/{rel}","templated":true}]}}