{"id":451,"date":"2018-01-17T16:34:32","date_gmt":"2018-01-17T15:34:32","guid":{"rendered":"http:\/\/domainedesteyssieres.fr\/?page_id=451"},"modified":"2020-12-20T16:07:45","modified_gmt":"2020-12-20T15:07:45","slug":"conditions-de-reservation","status":"publish","type":"page","link":"https:\/\/domainedesteyssieres.fr\/index.php\/conditions-de-reservation\/","title":{"rendered":"Conditions de reservation"},"content":{"rendered":"<p>Merci de nous contacter pour v\u00e9rifier les disponibilit\u00e9s.<\/p>\n<p>Pour finaliser une r\u00e9servation, nous vous demanderons vos noms pr\u00e9noms et adresse, un num\u00e9ro de t\u00e9l\u00e9phone mobile pour pouvoir vous joindre facilement si besoin ainsi qu\u2019une adresse mail.<\/p>\n<p>Avec ces \u00e9l\u00e9ments, je vous ferai ensuite parvenir un contrat.<\/p>\n<p>Vous me retournerez sign\u00e9 avec le versement des arrhes de 30% du montant de la location par ch\u00e8que bancaire, virement bancaire ou paiement PayPal (r\u00e9serv\u00e9 aux paiements hors zone euro)<\/p>\n<p>A votre arriv\u00e9e vous nous r\u00e8glerez le solde du montant de la location et nous verserez une caution non encaiss\u00e9e de 300\u20ac.<\/p>\n<p>Cette caution vous sera rendue en totalit\u00e9 le jour de votre d\u00e9part si le logement n\u2019a subi aucune d\u00e9gradation.<\/p>\n","protected":false},"excerpt":{"rendered":"<p>Merci de nous contacter pour v\u00e9rifier les disponibilit\u00e9s. Pour finaliser une r\u00e9servation, nous vous demanderons vos noms pr\u00e9noms et adresse, un num\u00e9ro de t\u00e9l\u00e9phone mobile pour pouvoir vous joindre facilement si besoin ainsi qu\u2019une adresse mail. Avec ces \u00e9l\u00e9ments, je vous ferai ensuite parvenir un contrat. Vous me retournerez sign\u00e9 avec le versement des arrhes [&hellip;]<\/p>\n","protected":false},"author":1,"featured_media":0,"parent":0,"menu_order":0,"comment_status":"closed","ping_status":"closed","template":"","meta":{"footnotes":""},"_links":{"self":[{"href":"https:\/\/domainedesteyssieres.fr\/index.php\/wp-json\/wp\/v2\/pages\/451"}],"collection":[{"href":"https:\/\/domainedesteyssieres.fr\/index.php\/wp-json\/wp\/v2\/pages"}],"about":[{"href":"https:\/\/domainedesteyssieres.fr\/index.php\/wp-json\/wp\/v2\/types\/page"}],"author":[{"embeddable":true,"href":"https:\/\/domainedesteyssieres.fr\/index.php\/wp-json\/wp\/v2\/users\/1"}],"replies":[{"embeddable":true,"href":"https:\/\/domainedesteyssieres.fr\/index.php\/wp-json\/wp\/v2\/comments?post=451"}],"version-history":[{"count":2,"href":"https:\/\/domainedesteyssieres.fr\/index.php\/wp-json\/wp\/v2\/pages\/451\/revisions"}],"predecessor-version":[{"id":1722,"href":"https:\/\/domainedesteyssieres.fr\/index.php\/wp-json\/wp\/v2\/pages\/451\/revisions\/1722"}],"wp:attachment":[{"href":"https:\/\/domainedesteyssieres.fr\/index.php\/wp-json\/wp\/v2\/media?parent=451"}],"curies":[{"name":"wp","href":"https:\/\/api.w.org\/{rel}","templated":true}]}}