{"id":529,"date":"2018-01-18T00:59:33","date_gmt":"2018-01-17T23:59:33","guid":{"rendered":"http:\/\/domainedesteyssieres.fr\/?page_id=529"},"modified":"2018-01-18T10:38:31","modified_gmt":"2018-01-18T09:38:31","slug":"mentions-legales","status":"publish","type":"page","link":"https:\/\/domainedesteyssieres.fr\/index.php\/mentions-legales\/","title":{"rendered":"Mentions legales"},"content":{"rendered":"<p>Le site \u00a0<a href=\"http:\/\/domainedesteyssieres.fr\/\">http:\/\/domainedesteyssieres.fr\/<\/a> \u00a0est \u00e9dit\u00e9 par Bruno Theuerlacher, dont le si\u00e8ge social est situ\u00e9\u00a0:<\/p>\n<p>Bruno Theuerlacher<\/p>\n<p>1277 chemin des teyssieres<\/p>\n<p>84380 Mazan<\/p>\n<p>Siret : 4078909120014<\/p>\n<table style=\"height: 5px;\" width=\"5\">\n<tbody>\n<tr>\n<td><\/td>\n<td><\/td>\n<\/tr>\n<\/tbody>\n<\/table>\n<p><strong><u>&#8211; Concepteur ,responsable de la publication et proprietaire\u00a0:\u00a0\u00a0\u00a0\u00a0 <\/u><\/strong>Bruno Theuerlacher<\/p>\n<p>L\u2019ensemble du site rel\u00e8ve de la l\u00e9gislation fran\u00e7aise sur le droit d\u2019auteur et de la propri\u00e9t\u00e9 intellectuelle.<\/p>\n<p>Tous les droits de reproduction sont r\u00e9serv\u00e9s, y compris pour les documents t\u00e9l\u00e9chargeables et les repr\u00e9sentations iconographiques et photographiques.<\/p>\n<p>&#8211; <strong><u>Donn\u00e9es personnelles\u00a0:<\/u><\/strong><\/p>\n<p>Nous sommes succeptibles de conserver les donn\u00e9es personnelles que vous nous aurez transmise, mais nous n\u2019en faisons aucun traitement informatis\u00e9 .<\/p>\n<p>Toutefois , conform\u00e9ment \u00e0 la Loi n\u00b078-17 relative \u00e0 l&rsquo;informatique, aux fichiers et aux libert\u00e9s du 6 janvier 1978, vous disposez d&rsquo;un droit d&rsquo;acc\u00e8s a ces donn\u00e9es .<\/p>\n<p>Vous pouvez nous adresser tout demande a ce sujet : <a href=\"http:\/\/domainedesteyssieres.fr\/index.php\/contactez-nous\/\">CONTACT<\/a><\/p>\n<p><strong>&#8211; <u>Hebergement\u00a0:<\/u><\/strong><\/p>\n<p>OVH France &#8211;\u00a0<a href=\"http:\/\/www.ovh.com\/\">http:\/\/www.ovh.com<\/a><br \/>\nSAS au capital de 10 059 500 \u20ac<br \/>\n2 rue Kellermann &#8211; 59100 Roubaix &#8211; France.<br \/>\nT\u00e9l : 0 820 698 765 &#8211; n\u00b0 indigo (0,118 \u20ac\/min)<\/p>\n","protected":false},"excerpt":{"rendered":"<p>Le site \u00a0http:\/\/domainedesteyssieres.fr\/ \u00a0est \u00e9dit\u00e9 par Bruno Theuerlacher, dont le si\u00e8ge social est situ\u00e9\u00a0: Bruno Theuerlacher 1277 chemin des teyssieres 84380 Mazan Siret : 4078909120014 &#8211; Concepteur ,responsable de la publication et proprietaire\u00a0:\u00a0\u00a0\u00a0\u00a0 Bruno Theuerlacher L\u2019ensemble du site rel\u00e8ve de la l\u00e9gislation fran\u00e7aise sur le droit d\u2019auteur et de la propri\u00e9t\u00e9 intellectuelle. Tous les droits [&hellip;]<\/p>\n","protected":false},"author":1,"featured_media":0,"parent":0,"menu_order":0,"comment_status":"closed","ping_status":"closed","template":"","meta":{"footnotes":""},"_links":{"self":[{"href":"https:\/\/domainedesteyssieres.fr\/index.php\/wp-json\/wp\/v2\/pages\/529"}],"collection":[{"href":"https:\/\/domainedesteyssieres.fr\/index.php\/wp-json\/wp\/v2\/pages"}],"about":[{"href":"https:\/\/domainedesteyssieres.fr\/index.php\/wp-json\/wp\/v2\/types\/page"}],"author":[{"embeddable":true,"href":"https:\/\/domainedesteyssieres.fr\/index.php\/wp-json\/wp\/v2\/users\/1"}],"replies":[{"embeddable":true,"href":"https:\/\/domainedesteyssieres.fr\/index.php\/wp-json\/wp\/v2\/comments?post=529"}],"version-history":[{"count":5,"href":"https:\/\/domainedesteyssieres.fr\/index.php\/wp-json\/wp\/v2\/pages\/529\/revisions"}],"predecessor-version":[{"id":552,"href":"https:\/\/domainedesteyssieres.fr\/index.php\/wp-json\/wp\/v2\/pages\/529\/revisions\/552"}],"wp:attachment":[{"href":"https:\/\/domainedesteyssieres.fr\/index.php\/wp-json\/wp\/v2\/media?parent=529"}],"curies":[{"name":"wp","href":"https:\/\/api.w.org\/{rel}","templated":true}]}}