{"id":843,"date":"2018-08-30T15:16:06","date_gmt":"2018-08-30T13:16:06","guid":{"rendered":"http:\/\/domainedesteyssieres.fr\/?page_id=843"},"modified":"2018-09-04T20:03:24","modified_gmt":"2018-09-04T18:03:24","slug":"la-floraison","status":"publish","type":"page","link":"https:\/\/domainedesteyssieres.fr\/index.php\/la-floraison\/","title":{"rendered":"La Floraison"},"content":{"rendered":"\t\t<div data-elementor-type=\"wp-page\" data-elementor-id=\"843\" class=\"elementor elementor-843 elementor-bc-flex-widget\">\n\t\t\t\t\t\t<div class=\"elementor-inner\">\n\t\t\t\t<div class=\"elementor-section-wrap\">\n\t\t\t\t\t\t\t\t\t<section class=\"elementor-section elementor-top-section elementor-element elementor-element-e5bc403 elementor-section-boxed elementor-section-height-default elementor-section-height-default\" data-id=\"e5bc403\" data-element_type=\"section\">\n\t\t\t\t\t\t<div class=\"elementor-container elementor-column-gap-default\">\n\t\t\t\t\t\t\t<div class=\"elementor-row\">\n\t\t\t\t\t<div class=\"elementor-column elementor-col-100 elementor-top-column elementor-element elementor-element-74ea967\" data-id=\"74ea967\" data-element_type=\"column\">\n\t\t\t<div class=\"elementor-column-wrap elementor-element-populated\">\n\t\t\t\t\t\t\t<div class=\"elementor-widget-wrap\">\n\t\t\t\t\t\t<div class=\"elementor-element elementor-element-6992f45 elementor-widget elementor-widget-text-editor\" data-id=\"6992f45\" data-element_type=\"widget\" data-widget_type=\"text-editor.default\">\n\t\t\t\t<div class=\"elementor-widget-container\">\n\t\t\t\t\t\t\t\t<div class=\"elementor-text-editor elementor-clearfix\">\n\t\t\t\t<p>Vers la fin du mois de mai apparaissent les premi\u00e8res fleurs \u00e0 l\u2019aisselle des feuilles sur les rameaux ayant pouss\u00e9 l\u2019ann\u00e9e pr\u00e9c\u00e9dente.<\/p><p>La floraison va durer environ une semaine, mais toutes les vari\u00e9t\u00e9s ne fleurissent pas en m\u00eame temps .Dans un verger multi vari\u00e9tal, elle peut donc s\u2019\u00e9chelonner sur environ 3 semaines<\/p><p>Ces fleurs sont petites, blanches et \u00a0regroup\u00e9es en petites grappes<\/p><p>La majorit\u00e9\u00a0 des oliviers sont auto-fertiles et la f\u00e9condation se fait par le vent<\/p>\t\t\t\t\t<\/div>\n\t\t\t\t\t\t<\/div>\n\t\t\t\t<\/div>\n\t\t\t\t\t\t<\/div>\n\t\t\t\t\t<\/div>\n\t\t<\/div>\n\t\t\t\t\t\t\t\t<\/div>\n\t\t\t\t\t<\/div>\n\t\t<\/section>\n\t\t\t\t<section class=\"elementor-section elementor-top-section elementor-element elementor-element-4b92723 elementor-section-boxed elementor-section-height-default elementor-section-height-default\" data-id=\"4b92723\" data-element_type=\"section\">\n\t\t\t\t\t\t<div class=\"elementor-container elementor-column-gap-default\">\n\t\t\t\t\t\t\t<div class=\"elementor-row\">\n\t\t\t\t\t<div class=\"elementor-column elementor-col-50 elementor-top-column elementor-element elementor-element-23d932a\" data-id=\"23d932a\" data-element_type=\"column\">\n\t\t\t<div class=\"elementor-column-wrap elementor-element-populated\">\n\t\t\t\t\t\t\t<div class=\"elementor-widget-wrap\">\n\t\t\t\t\t\t<div class=\"elementor-element elementor-element-9ba1c2e elementor-widget elementor-widget-image\" data-id=\"9ba1c2e\" data-element_type=\"widget\" data-widget_type=\"image.default\">\n\t\t\t\t<div class=\"elementor-widget-container\">\n\t\t\t\t\t\t\t\t<div class=\"elementor-image\">\n\t\t\t\t\t\t\t\t\t<figure class=\"wp-caption\">\n\t\t\t\t\t\t\t\t\t\t\t<a href=\"http:\/\/domainedesteyssieres.fr\/wp-content\/uploads\/2018\/08\/Belle-floraison-sur-Aglandau.jpg\" data-elementor-open-lightbox=\"yes\" data-elementor-lightbox-title=\"Belle floraison sur Aglandau\" e-action-hash=\"#elementor-action%3Aaction%3Dlightbox%26settings%3DeyJpZCI6ODQ5LCJ1cmwiOiJodHRwczpcL1wvZG9tYWluZWRlc3RleXNzaWVyZXMuZnJcL3dwLWNvbnRlbnRcL3VwbG9hZHNcLzIwMThcLzA4XC9CZWxsZS1mbG9yYWlzb24tc3VyLUFnbGFuZGF1LmpwZyJ9\">\n\t\t\t\t\t\t\t<img loading=\"lazy\" decoding=\"async\" width=\"1024\" height=\"768\" src=\"https:\/\/domainedesteyssieres.fr\/wp-content\/uploads\/2018\/08\/Belle-floraison-sur-Aglandau-1024x768.jpg\" class=\"attachment-large size-large\" alt=\"\" srcset=\"https:\/\/domainedesteyssieres.fr\/wp-content\/uploads\/2018\/08\/Belle-floraison-sur-Aglandau-1024x768.jpg 1024w, https:\/\/domainedesteyssieres.fr\/wp-content\/uploads\/2018\/08\/Belle-floraison-sur-Aglandau-300x225.jpg 300w, https:\/\/domainedesteyssieres.fr\/wp-content\/uploads\/2018\/08\/Belle-floraison-sur-Aglandau-768x576.jpg 768w, https:\/\/domainedesteyssieres.fr\/wp-content\/uploads\/2018\/08\/Belle-floraison-sur-Aglandau.jpg 1200w\" sizes=\"(max-width: 1024px) 100vw, 1024px\" \/>\t\t\t\t\t\t\t\t<\/a>\n\t\t\t\t\t\t\t\t\t\t\t<figcaption class=\"widget-image-caption wp-caption-text\">        Une belle floraison sur Aglandau<\/figcaption>\n\t\t\t\t\t\t\t\t\t\t<\/figure>\n\t\t\t\t\t\t\t\t<\/div>\n\t\t\t\t\t\t<\/div>\n\t\t\t\t<\/div>\n\t\t\t\t\t\t<\/div>\n\t\t\t\t\t<\/div>\n\t\t<\/div>\n\t\t\t\t<div class=\"elementor-column elementor-col-50 elementor-top-column elementor-element elementor-element-0c5308f\" data-id=\"0c5308f\" data-element_type=\"column\">\n\t\t\t<div class=\"elementor-column-wrap elementor-element-populated\">\n\t\t\t\t\t\t\t<div class=\"elementor-widget-wrap\">\n\t\t\t\t\t\t<div class=\"elementor-element elementor-element-db621ab elementor-widget elementor-widget-image\" data-id=\"db621ab\" data-element_type=\"widget\" data-widget_type=\"image.default\">\n\t\t\t\t<div class=\"elementor-widget-container\">\n\t\t\t\t\t\t\t\t<div class=\"elementor-image\">\n\t\t\t\t\t\t\t\t\t<figure class=\"wp-caption\">\n\t\t\t\t\t\t\t\t\t\t\t<a href=\"http:\/\/domainedesteyssieres.fr\/wp-content\/uploads\/2018\/08\/La-premiere-fleur-souvre.jpg\" data-elementor-open-lightbox=\"yes\" data-elementor-lightbox-title=\"La premiere fleur s&#039;ouvre\" e-action-hash=\"#elementor-action%3Aaction%3Dlightbox%26settings%3DeyJpZCI6ODUwLCJ1cmwiOiJodHRwczpcL1wvZG9tYWluZWRlc3RleXNzaWVyZXMuZnJcL3dwLWNvbnRlbnRcL3VwbG9hZHNcLzIwMThcLzA4XC9MYS1wcmVtaWVyZS1mbGV1ci1zb3V2cmUuanBnIn0%3D\">\n\t\t\t\t\t\t\t<img loading=\"lazy\" decoding=\"async\" width=\"1024\" height=\"768\" src=\"https:\/\/domainedesteyssieres.fr\/wp-content\/uploads\/2018\/08\/La-premiere-fleur-souvre-1024x768.jpg\" class=\"attachment-large size-large\" alt=\"\" srcset=\"https:\/\/domainedesteyssieres.fr\/wp-content\/uploads\/2018\/08\/La-premiere-fleur-souvre-1024x768.jpg 1024w, https:\/\/domainedesteyssieres.fr\/wp-content\/uploads\/2018\/08\/La-premiere-fleur-souvre-300x225.jpg 300w, https:\/\/domainedesteyssieres.fr\/wp-content\/uploads\/2018\/08\/La-premiere-fleur-souvre-768x576.jpg 768w, https:\/\/domainedesteyssieres.fr\/wp-content\/uploads\/2018\/08\/La-premiere-fleur-souvre.jpg 1200w\" sizes=\"(max-width: 1024px) 100vw, 1024px\" \/>\t\t\t\t\t\t\t\t<\/a>\n\t\t\t\t\t\t\t\t\t\t\t<figcaption class=\"widget-image-caption wp-caption-text\">La premiere fleur s'ouvre<\/figcaption>\n\t\t\t\t\t\t\t\t\t\t<\/figure>\n\t\t\t\t\t\t\t\t<\/div>\n\t\t\t\t\t\t<\/div>\n\t\t\t\t<\/div>\n\t\t\t\t\t\t<\/div>\n\t\t\t\t\t<\/div>\n\t\t<\/div>\n\t\t\t\t\t\t\t\t<\/div>\n\t\t\t\t\t<\/div>\n\t\t<\/section>\n\t\t\t\t<section class=\"elementor-section elementor-top-section elementor-element elementor-element-a284cbd elementor-section-boxed elementor-section-height-default elementor-section-height-default\" data-id=\"a284cbd\" data-element_type=\"section\">\n\t\t\t\t\t\t<div class=\"elementor-container elementor-column-gap-default\">\n\t\t\t\t\t\t\t<div class=\"elementor-row\">\n\t\t\t\t\t<div class=\"elementor-column elementor-col-33 elementor-top-column elementor-element elementor-element-38781af\" data-id=\"38781af\" data-element_type=\"column\">\n\t\t\t<div class=\"elementor-column-wrap\">\n\t\t\t\t\t\t\t<div class=\"elementor-widget-wrap\">\n\t\t\t\t\t\t\t\t<\/div>\n\t\t\t\t\t<\/div>\n\t\t<\/div>\n\t\t\t\t<div class=\"elementor-column elementor-col-33 elementor-top-column elementor-element elementor-element-80f45d8\" data-id=\"80f45d8\" data-element_type=\"column\">\n\t\t\t<div class=\"elementor-column-wrap\">\n\t\t\t\t\t\t\t<div class=\"elementor-widget-wrap\">\n\t\t\t\t\t\t\t\t<\/div>\n\t\t\t\t\t<\/div>\n\t\t<\/div>\n\t\t\t\t<div class=\"elementor-column elementor-col-33 elementor-top-column elementor-element elementor-element-cc86fed\" data-id=\"cc86fed\" data-element_type=\"column\">\n\t\t\t<div class=\"elementor-column-wrap\">\n\t\t\t\t\t\t\t<div class=\"elementor-widget-wrap\">\n\t\t\t\t\t\t\t\t<\/div>\n\t\t\t\t\t<\/div>\n\t\t<\/div>\n\t\t\t\t\t\t\t\t<\/div>\n\t\t\t\t\t<\/div>\n\t\t<\/section>\n\t\t\t\t<section class=\"elementor-section elementor-top-section elementor-element elementor-element-5042b8e elementor-section-boxed elementor-section-height-default elementor-section-height-default\" data-id=\"5042b8e\" data-element_type=\"section\">\n\t\t\t\t\t\t<div class=\"elementor-container elementor-column-gap-default\">\n\t\t\t\t\t\t\t<div class=\"elementor-row\">\n\t\t\t\t\t<div class=\"elementor-column elementor-col-100 elementor-top-column elementor-element elementor-element-3ddb2c9\" data-id=\"3ddb2c9\" data-element_type=\"column\">\n\t\t\t<div class=\"elementor-column-wrap elementor-element-populated\">\n\t\t\t\t\t\t\t<div class=\"elementor-widget-wrap\">\n\t\t\t\t\t\t<div class=\"elementor-element elementor-element-456682f elementor-widget elementor-widget-text-editor\" data-id=\"456682f\" data-element_type=\"widget\" data-widget_type=\"text-editor.default\">\n\t\t\t\t<div class=\"elementor-widget-container\">\n\t\t\t\t\t\t\t\t<div class=\"elementor-text-editor elementor-clearfix\">\n\t\t\t\t<p>L\u2019olivier produit g\u00e9n\u00e9ralement beaucoup de fleurs dont un tout petit pourcentage produira une olive (5 % pour les bonnes ann\u00e9es).Le taux de r\u00e9ussite de cette pollinisation est tr\u00e8s variable et les m\u00e9canismes sont assez complexes.<\/p><p>Pendant cette p\u00e9riode cruciale l\u2019arbre doit \u00eatre parfaitement aliment\u00e9 pas les engrais organiques que nous aurons apport\u00e9 en fin d\u2019hiver, un sol suffisamment hydrat\u00e9 ce qui est g\u00e9n\u00e9ralement\u00a0 le cas au printemps\u00a0 et une bonne activit\u00e9 biologique du sol<\/p><p>.<\/p><p>Malgr\u00e9 cela, une pollinisation crois\u00e9e (avec d\u2019autres vari\u00e9t\u00e9s) donnera de meilleurs r\u00e9sultats<\/p><p>Par exemple pour notre vari\u00e9t\u00e9 principale\u00a0: l\u2019Aglandau, il est judicieux de disposer au sein du verger d\u2019autres vari\u00e9t\u00e9s\u00a0 d\u2019oliviers qui fleurissent en m\u00eame temps comme la Picholine ou le cayon.<\/p><p>Le pollen tr\u00e8s l\u00e9ger est facilement transport\u00e9 sauf lorsque les conditions m\u00e9t\u00e9orologiques pendant la floraison sont d\u00e9favorables\u00a0: pluies brouillard et absence de vent<\/p>\t\t\t\t\t<\/div>\n\t\t\t\t\t\t<\/div>\n\t\t\t\t<\/div>\n\t\t\t\t\t\t<\/div>\n\t\t\t\t\t<\/div>\n\t\t<\/div>\n\t\t\t\t\t\t\t\t<\/div>\n\t\t\t\t\t<\/div>\n\t\t<\/section>\n\t\t\t\t<section class=\"elementor-section elementor-top-section elementor-element elementor-element-d31d777 elementor-section-boxed elementor-section-height-default elementor-section-height-default\" data-id=\"d31d777\" data-element_type=\"section\">\n\t\t\t\t\t\t<div class=\"elementor-container elementor-column-gap-default\">\n\t\t\t\t\t\t\t<div class=\"elementor-row\">\n\t\t\t\t\t<div class=\"elementor-column elementor-col-100 elementor-top-column elementor-element elementor-element-ae68ae4\" data-id=\"ae68ae4\" data-element_type=\"column\">\n\t\t\t<div class=\"elementor-column-wrap elementor-element-populated\">\n\t\t\t\t\t\t\t<div class=\"elementor-widget-wrap\">\n\t\t\t\t\t\t<div class=\"elementor-element elementor-element-804e4d0 elementor-widget elementor-widget-image\" data-id=\"804e4d0\" data-element_type=\"widget\" data-widget_type=\"image.default\">\n\t\t\t\t<div class=\"elementor-widget-container\">\n\t\t\t\t\t\t\t\t<div class=\"elementor-image\">\n\t\t\t\t\t\t\t\t\t<figure class=\"wp-caption\">\n\t\t\t\t\t\t\t\t\t\t\t<a href=\"http:\/\/domainedesteyssieres.fr\/wp-content\/uploads\/2018\/08\/Millerandage-sur-Aglandau.jpg\" data-elementor-open-lightbox=\"yes\" data-elementor-lightbox-title=\"Millerandage sur Aglandau\" e-action-hash=\"#elementor-action%3Aaction%3Dlightbox%26settings%3DeyJpZCI6ODUxLCJ1cmwiOiJodHRwczpcL1wvZG9tYWluZWRlc3RleXNzaWVyZXMuZnJcL3dwLWNvbnRlbnRcL3VwbG9hZHNcLzIwMThcLzA4XC9NaWxsZXJhbmRhZ2Utc3VyLUFnbGFuZGF1LmpwZyJ9\">\n\t\t\t\t\t\t\t<img loading=\"lazy\" decoding=\"async\" width=\"1024\" height=\"614\" src=\"https:\/\/domainedesteyssieres.fr\/wp-content\/uploads\/2018\/08\/Millerandage-sur-Aglandau-1024x614.jpg\" class=\"attachment-large size-large\" alt=\"\" srcset=\"https:\/\/domainedesteyssieres.fr\/wp-content\/uploads\/2018\/08\/Millerandage-sur-Aglandau-1024x614.jpg 1024w, https:\/\/domainedesteyssieres.fr\/wp-content\/uploads\/2018\/08\/Millerandage-sur-Aglandau-300x180.jpg 300w, https:\/\/domainedesteyssieres.fr\/wp-content\/uploads\/2018\/08\/Millerandage-sur-Aglandau-768x461.jpg 768w, https:\/\/domainedesteyssieres.fr\/wp-content\/uploads\/2018\/08\/Millerandage-sur-Aglandau.jpg 1200w\" sizes=\"(max-width: 1024px) 100vw, 1024px\" \/>\t\t\t\t\t\t\t\t<\/a>\n\t\t\t\t\t\t\t\t\t\t\t<figcaption class=\"widget-image-caption wp-caption-text\">Une des consequences d'une mauvaise pollinisation sur l'olivier : Ces toutes petites oilives qui ne grossiront pas : ce phenomene s'appele le millerandage<\/figcaption>\n\t\t\t\t\t\t\t\t\t\t<\/figure>\n\t\t\t\t\t\t\t\t<\/div>\n\t\t\t\t\t\t<\/div>\n\t\t\t\t<\/div>\n\t\t\t\t\t\t<\/div>\n\t\t\t\t\t<\/div>\n\t\t<\/div>\n\t\t\t\t\t\t\t\t<\/div>\n\t\t\t\t\t<\/div>\n\t\t<\/section>\n\t\t\t\t<section class=\"elementor-section elementor-top-section elementor-element elementor-element-e117575 elementor-section-boxed elementor-section-height-default elementor-section-height-default\" data-id=\"e117575\" data-element_type=\"section\">\n\t\t\t\t\t\t<div class=\"elementor-container elementor-column-gap-default\">\n\t\t\t\t\t\t\t<div class=\"elementor-row\">\n\t\t\t\t\t<div class=\"elementor-column elementor-col-100 elementor-top-column elementor-element elementor-element-956b135\" data-id=\"956b135\" data-element_type=\"column\">\n\t\t\t<div class=\"elementor-column-wrap elementor-element-populated\">\n\t\t\t\t\t\t\t<div class=\"elementor-widget-wrap\">\n\t\t\t\t\t\t<div class=\"elementor-element elementor-element-8de4ee6 elementor-align-center elementor-widget elementor-widget-button\" data-id=\"8de4ee6\" data-element_type=\"widget\" data-widget_type=\"button.default\">\n\t\t\t\t<div class=\"elementor-widget-container\">\n\t\t\t\t\t<div class=\"elementor-button-wrapper\">\n\t\t\t<a href=\"http:\/\/domainedesteyssieres.fr\/index.php\/lirrigation\/\" class=\"elementor-button-link elementor-button elementor-size-lg\" role=\"button\">\n\t\t\t\t\t\t<span class=\"elementor-button-content-wrapper\">\n\t\t\t\t\t\t<span class=\"elementor-button-text\">L'irrigation<\/span>\n\t\t<\/span>\n\t\t\t\t\t<\/a>\n\t\t<\/div>\n\t\t\t\t<\/div>\n\t\t\t\t<\/div>\n\t\t\t\t\t\t<\/div>\n\t\t\t\t\t<\/div>\n\t\t<\/div>\n\t\t\t\t\t\t\t\t<\/div>\n\t\t\t\t\t<\/div>\n\t\t<\/section>\n\t\t\t\t\t\t\t\t\t<\/div>\n\t\t\t<\/div>\n\t\t\t\t\t<\/div>\n\t\t","protected":false},"excerpt":{"rendered":"<p>Vers la fin du mois de mai apparaissent les premi\u00e8res fleurs \u00e0 l\u2019aisselle des feuilles sur les rameaux ayant pouss\u00e9 l\u2019ann\u00e9e pr\u00e9c\u00e9dente. La floraison va durer environ une semaine, mais toutes les vari\u00e9t\u00e9s ne fleurissent pas en m\u00eame temps .Dans un verger multi vari\u00e9tal, elle peut donc s\u2019\u00e9chelonner sur environ 3 semaines Ces fleurs sont [&hellip;]<\/p>\n","protected":false},"author":1,"featured_media":0,"parent":0,"menu_order":0,"comment_status":"closed","ping_status":"closed","template":"","meta":{"footnotes":""},"_links":{"self":[{"href":"https:\/\/domainedesteyssieres.fr\/index.php\/wp-json\/wp\/v2\/pages\/843"}],"collection":[{"href":"https:\/\/domainedesteyssieres.fr\/index.php\/wp-json\/wp\/v2\/pages"}],"about":[{"href":"https:\/\/domainedesteyssieres.fr\/index.php\/wp-json\/wp\/v2\/types\/page"}],"author":[{"embeddable":true,"href":"https:\/\/domainedesteyssieres.fr\/index.php\/wp-json\/wp\/v2\/users\/1"}],"replies":[{"embeddable":true,"href":"https:\/\/domainedesteyssieres.fr\/index.php\/wp-json\/wp\/v2\/comments?post=843"}],"version-history":[{"count":8,"href":"https:\/\/domainedesteyssieres.fr\/index.php\/wp-json\/wp\/v2\/pages\/843\/revisions"}],"predecessor-version":[{"id":1217,"href":"https:\/\/domainedesteyssieres.fr\/index.php\/wp-json\/wp\/v2\/pages\/843\/revisions\/1217"}],"wp:attachment":[{"href":"https:\/\/domainedesteyssieres.fr\/index.php\/wp-json\/wp\/v2\/media?parent=843"}],"curies":[{"name":"wp","href":"https:\/\/api.w.org\/{rel}","templated":true}]}}